{"id":27,"date":"2021-12-06T07:57:28","date_gmt":"2021-12-06T07:57:28","guid":{"rendered":"https:\/\/azvheidelbach.de\/?page_id=27"},"modified":"2023-11-09T12:47:13","modified_gmt":"2023-11-09T10:47:13","slug":"klaeranlage","status":"publish","type":"page","link":"https:\/\/www.azv-heidelbach.de\/?page_id=27","title":{"rendered":"Kl\u00e4ranlage"},"content":{"rendered":"<p>[et_pb_section fb_built=&#8220;1&#8243; _builder_version=&#8220;4.16&#8243; _module_preset=&#8220;default&#8220; min_height=&#8220;533.9px&#8220; custom_padding=&#8220;9px||11px|||&#8220; global_colors_info=&#8220;{}&#8220;][et_pb_row _builder_version=&#8220;4.16&#8243; _module_preset=&#8220;default&#8220; custom_margin=&#8220;-7px|auto||auto||&#8220; custom_padding=&#8220;11px|10px||10px|false|false&#8220; global_colors_info=&#8220;{}&#8220;][et_pb_column type=&#8220;4_4&#8243; _builder_version=&#8220;4.16&#8243; _module_preset=&#8220;default&#8220; global_colors_info=&#8220;{}&#8220;][et_pb_text _builder_version=&#8220;4.16&#8243; _module_preset=&#8220;default&#8220; custom_margin=&#8220;-5px|||||&#8220; global_colors_info=&#8220;{}&#8220;]<\/p>\n<h3>Kl\u00e4ranlage<\/h3>\n<p>Die Kl\u00e4ranlage Langenreichenbach verf\u00fcgt heute \u00fcber eine Reinigungskapazit\u00e4t von 16.000 Einwohnerwerten (EW). Mit dem ersten Bauabschnitt 1994 konnte zun\u00e4chst eine biologische Abwasserbehandlung f\u00fcr 8.000 EW gesichert werden. Die Erweiterung mit der zweiten Ausbaustufe erfolgte im Jahr 2002. Die tats\u00e4chliche Auslastung liegt derzeit bei etwa 83 Prozent der m\u00f6glichen Kapazit\u00e4t.<\/p>\n<p>Die Abwasserbehandlung erfolgt durch die Verfahrensstufen:<\/p>\n<ul>\n<li>mechanische Vorreinigung mit Rechenanlage und Sand- und Fettfang<\/li>\n<li>biologische Abwaserbehandlung (Kohlenstoffabbau) mit Stickstoff- und Phosphorelimination sowie gleichzeitiger aerober Schlammstabilisierung<\/li>\n<li>Nachkl\u00e4rung zum Absetzen des Belebtschlamms<\/li>\n<li>Simultane chemischer Phosphatf\u00e4llung<\/li>\n<li>\u00dcberschussschlammeindickung und Entw\u00e4sserung mittels Zentrifuge auf ca. 20% Trockensubstanz.<\/li>\n<\/ul>\n<p>Die\u00a0Biologie (Belebungsbecken) und die Nachkl\u00e4rung\u00a0wurden zur Erh\u00f6hung der Betriebssicherheit in zwei baugleichen Stra\u00dfen konzipiert.<\/p>\n<p>Die\u00a0zweikreisige M\u00f6glichkeit der Mittelspannungseinspeisung in die eigene Trafostation sowie das station\u00e4re Notstromaggregat gew\u00e4hrleisten dar\u00fcber hinaus einen sicheren Anlagenbetrieb.<\/p>\n<p>&nbsp;<\/p>\n<h4 style=\"text-align: left;\"><em>\u00dcberwachungswerte:<\/em><\/h4>\n<table class=\"tmr\" style=\"background-color: #f0f8ff; width: 35%;\" cellpadding=\"5\" border=\"0\">\n<tbody>\n<tr>\n<td>CSB<\/td>\n<td valign=\"top\" align=\"right\">50\u00a0 mg\/l<\/td>\n<\/tr>\n<tr>\n<td>BSB<\/td>\n<td valign=\"top\" align=\"right\">10\u00a0 mg\/l<\/td>\n<\/tr>\n<tr>\n<td>NH<sub>4<\/sub>-N<\/td>\n<td valign=\"top\" align=\"right\">3\u00a0 mg\/l<\/td>\n<\/tr>\n<tr>\n<td>N<sub>ges<\/sub><\/td>\n<td valign=\"top\" align=\"right\">10\u00a0 mg\/l<\/td>\n<\/tr>\n<tr>\n<td>P<sub>ges<\/sub><\/td>\n<td valign=\"top\" align=\"right\">2\u00a0 mg\/l<\/td>\n<\/tr>\n<\/tbody>\n<\/table>\n<p>Die festgelegten \u00dcberwachungswerte liegen (ausgenommen bei Phosphor) unter den Vorgaben der Abwasserverordnung f\u00fcr vergleichbare Kl\u00e4ranlagen der Gr\u00f6\u00dfenklasse 4 (10.000-100.000 EW).<\/p>\n<p>[\/et_pb_text][\/et_pb_column][\/et_pb_row][\/et_pb_section]<\/p>\n","protected":false},"excerpt":{"rendered":"<p>Kl\u00e4ranlage Die Kl\u00e4ranlage Langenreichenbach verf\u00fcgt heute \u00fcber eine Reinigungskapazit\u00e4t von 16.000 Einwohnerwerten (EW). Mit dem ersten Bauabschnitt 1994 konnte zun\u00e4chst eine biologische Abwasserbehandlung f\u00fcr 8.000 EW gesichert werden. Die Erweiterung mit der zweiten Ausbaustufe erfolgte im Jahr 2002. Die tats\u00e4chliche Auslastung liegt derzeit bei etwa 83 Prozent der m\u00f6glichen Kapazit\u00e4t. Die Abwasserbehandlung erfolgt durch die [&hellip;]<\/p>\n","protected":false},"author":1,"featured_media":0,"parent":0,"menu_order":0,"comment_status":"closed","ping_status":"closed","template":"","meta":{"_et_pb_use_builder":"on","_et_pb_old_content":"","_et_gb_content_width":"","footnotes":""},"class_list":["post-27","page","type-page","status-publish","hentry"],"_links":{"self":[{"href":"https:\/\/www.azv-heidelbach.de\/index.php?rest_route=\/wp\/v2\/pages\/27","targetHints":{"allow":["GET"]}}],"collection":[{"href":"https:\/\/www.azv-heidelbach.de\/index.php?rest_route=\/wp\/v2\/pages"}],"about":[{"href":"https:\/\/www.azv-heidelbach.de\/index.php?rest_route=\/wp\/v2\/types\/page"}],"author":[{"embeddable":true,"href":"https:\/\/www.azv-heidelbach.de\/index.php?rest_route=\/wp\/v2\/users\/1"}],"replies":[{"embeddable":true,"href":"https:\/\/www.azv-heidelbach.de\/index.php?rest_route=%2Fwp%2Fv2%2Fcomments&post=27"}],"version-history":[{"count":7,"href":"https:\/\/www.azv-heidelbach.de\/index.php?rest_route=\/wp\/v2\/pages\/27\/revisions"}],"predecessor-version":[{"id":786,"href":"https:\/\/www.azv-heidelbach.de\/index.php?rest_route=\/wp\/v2\/pages\/27\/revisions\/786"}],"wp:attachment":[{"href":"https:\/\/www.azv-heidelbach.de\/index.php?rest_route=%2Fwp%2Fv2%2Fmedia&parent=27"}],"curies":[{"name":"wp","href":"https:\/\/api.w.org\/{rel}","templated":true}]}}