{"id":35,"date":"2021-12-06T07:58:05","date_gmt":"2021-12-06T07:58:05","guid":{"rendered":"https:\/\/azvheidelbach.de\/?page_id=35"},"modified":"2026-03-26T09:28:50","modified_gmt":"2026-03-26T07:28:50","slug":"satzungen","status":"publish","type":"page","link":"https:\/\/www.azv-heidelbach.de\/?page_id=35","title":{"rendered":"Satzungen"},"content":{"rendered":"<p>[et_pb_section fb_built=&#8220;1&#8243; _builder_version=&#8220;4.16&#8243; _module_preset=&#8220;default&#8220; custom_padding=&#8220;11px|||||&#8220; global_colors_info=&#8220;{}&#8220;][et_pb_row _builder_version=&#8220;4.16&#8243; _module_preset=&#8220;default&#8220; custom_padding=&#8220;9px|10px|8px|10px|false|false&#8220; global_colors_info=&#8220;{}&#8220;][et_pb_column type=&#8220;4_4&#8243; _builder_version=&#8220;4.16&#8243; _module_preset=&#8220;default&#8220; global_colors_info=&#8220;{}&#8220;][et_pb_text _builder_version=&#8220;4.16&#8243; _module_preset=&#8220;default&#8220; global_colors_info=&#8220;{}&#8220;]<\/p>\n<h3>Satzungen<\/h3>\n<p>[\/et_pb_text][\/et_pb_column][\/et_pb_row][et_pb_row _builder_version=&#8220;4.16&#8243; _module_preset=&#8220;default&#8220; custom_padding=&#8220;12px|10px|10px|10px|false|false&#8220; global_colors_info=&#8220;{}&#8220;][et_pb_column type=&#8220;4_4&#8243; _builder_version=&#8220;4.16&#8243; _module_preset=&#8220;default&#8220; global_colors_info=&#8220;{}&#8220;][et_pb_text _builder_version=&#8220;4.17.3&#8243; _module_preset=&#8220;default&#8220; custom_margin=&#8220;||29px|||&#8220; hover_enabled=&#8220;0&#8243; global_colors_info=&#8220;{}&#8220; admin_label=&#8220;Text&#8220; sticky_enabled=&#8220;0&#8243;]<\/p>\n<p>&#8211; <strong>Verbandssatzung<\/strong> vom 08. Dezember 2023 <a href=\"https:\/\/www.azv-heidelbach.de\/wp-content\/uploads\/2024\/04\/Verbandssatzung.pdf\" target=\"_blank\" rel=\"attachment noopener wp-att-1019\">Download Verbandssatzung<\/a><\/p>\n<p>&#8211; <strong>1. Satzung zur \u00c4nderung Verbandssatzung<\/strong> vom 08. Dezember 2023\u00a0<a href=\"https:\/\/www.azv-heidelbach.de\/wp-content\/uploads\/2026\/03\/1.-Satzung-Aenderung-Verbandssatzung-i.d.Fassung-06.12.2023-mit-Unterschrift.pdf\" target=\"_blank\" rel=\"attachment noopener wp-att-1249\">Download 1. \u00c4nderung der Verbandssatzung<\/a><\/p>\n<p>[\/et_pb_text][et_pb_text _builder_version=&#8220;4.17.3&#8243; _module_preset=&#8220;default&#8220; hover_enabled=&#8220;0&#8243; global_colors_info=&#8220;{}&#8220; sticky_enabled=&#8220;0&#8243;]<\/p>\n<p>&#8211; <strong>Abwassersatzung<\/strong>\u00a0vom 16. April 2024\u00a0 <a href=\"https:\/\/www.azv-heidelbach.de\/wp-content\/uploads\/2024\/04\/Abwassersatzung-vom-16.-April-2024.pdf\" rel=\"attachment noopener wp-att-1025\" target=\"_blank\">Download Abwassersatzung<\/a><\/p>\n<p>[\/et_pb_text][et_pb_text _builder_version=&#8220;4.17.3&#8243; _module_preset=&#8220;default&#8220; hover_enabled=&#8220;0&#8243; global_colors_info=&#8220;{}&#8220; sticky_enabled=&#8220;0&#8243;]<\/p>\n<p>&#8211; <strong>Abwassersatzung<\/strong> vom 08. M\u00e4rz 2022 <a href=\"https:\/\/www.azv-heidelbach.de\/wp-content\/uploads\/2022\/03\/Abwassersatzung-08.03.2022.pdf\" rel=\"attachment noopener wp-att-401\" target=\"_blank\">Download Abwassersatzung<\/a><\/p>\n<p>[\/et_pb_text][et_pb_text _builder_version=&#8220;4.17.3&#8243; _module_preset=&#8220;default&#8220; hover_enabled=&#8220;0&#8243; global_colors_info=&#8220;{}&#8220; sticky_enabled=&#8220;0&#8243;]<\/p>\n<p>&#8211;<strong> Kleineinleiterabgabe<\/strong> vom 24. M\u00e4rz 2010\u00a0 <a href=\"https:\/\/azv-heidelbach.de\/wp-content\/uploads\/2021\/12\/Abwaelzungssatzung-mit-Unterschrift.pdf\" target=\"_blank\" rel=\"attachment noopener wp-att-158\">Download Abw\u00e4lzungssatzung<\/a><\/p>\n<p>[\/et_pb_text][et_pb_text _builder_version=&#8220;4.17.3&#8243; _module_preset=&#8220;default&#8220; hover_enabled=&#8220;0&#8243; global_colors_info=&#8220;{}&#8220; sticky_enabled=&#8220;0&#8243;]<\/p>\n<p>&#8211; <strong>Verwaltungskostensatzung<\/strong> 08. M\u00e4rz 2022 <a href=\"https:\/\/www.azv-heidelbach.de\/wp-content\/uploads\/2022\/03\/Kostensatzung-2022.pdf\" target=\"_blank\" rel=\"attachment noopener wp-att-404\">Download Kostensatzung<\/a><\/p>\n<p>&#8211; <strong>1. Satzung zur \u00c4nderung Verwaltungskostensatzung<\/strong> vom 08. M\u00e4rz 2022 <a href=\"https:\/\/www.azv-heidelbach.de\/wp-content\/uploads\/2024\/04\/1.-Aenderung-der-Kostensatzung.pdf\" target=\"_blank\" rel=\"attachment noopener wp-att-1022\">Download 1. \u00c4nderung der Kostensatzung<\/a><\/p>\n<p>[\/et_pb_text][et_pb_text _builder_version=&#8220;4.17.3&#8243; _module_preset=&#8220;default&#8220; hover_enabled=&#8220;0&#8243; global_colors_info=&#8220;{}&#8220; sticky_enabled=&#8220;0&#8243;]<\/p>\n<p>&#8211; <strong>Entsch\u00e4digungssatzung<\/strong> vom 16. April 2024 <a href=\"https:\/\/www.azv-heidelbach.de\/wp-content\/uploads\/2024\/04\/Entschaedigungssatzung-vom-16.-April-2024.pdf\" rel=\"attachment noopener wp-att-1027\" target=\"_blank\">Download Entsch\u00e4digungssatzung<\/a><a href=\"https:\/\/azv-heidelbach.de\/wp-content\/uploads\/2021\/12\/Abwaelzungssatzung-mit-Unterschrift.pdf\" rel=\"attachment noopener wp-att-158\" target=\"_blank\"><\/a><\/p>\n<p>[\/et_pb_text][\/et_pb_column][\/et_pb_row][\/et_pb_section]<\/p>\n","protected":false},"excerpt":{"rendered":"<p>Satzungen- Verbandssatzung vom 08. Dezember 2023 Download Verbandssatzung &#8211; 1. Satzung zur \u00c4nderung Verbandssatzung vom 08. Dezember 2023\u00a0Download 1. \u00c4nderung der Verbandssatzung- Abwassersatzung\u00a0vom 16. April 2024\u00a0 Download Abwassersatzung- Abwassersatzung vom 08. M\u00e4rz 2022 Download Abwassersatzung- Kleineinleiterabgabe vom 24. M\u00e4rz 2010\u00a0 Download Abw\u00e4lzungssatzung- Verwaltungskostensatzung 08. M\u00e4rz 2022 Download Kostensatzung &#8211; 1. Satzung zur \u00c4nderung Verwaltungskostensatzung vom [&hellip;]<\/p>\n","protected":false},"author":1,"featured_media":0,"parent":0,"menu_order":0,"comment_status":"closed","ping_status":"closed","template":"","meta":{"_et_pb_use_builder":"on","_et_pb_old_content":"","_et_gb_content_width":"","footnotes":""},"class_list":["post-35","page","type-page","status-publish","hentry"],"_links":{"self":[{"href":"https:\/\/www.azv-heidelbach.de\/index.php?rest_route=\/wp\/v2\/pages\/35","targetHints":{"allow":["GET"]}}],"collection":[{"href":"https:\/\/www.azv-heidelbach.de\/index.php?rest_route=\/wp\/v2\/pages"}],"about":[{"href":"https:\/\/www.azv-heidelbach.de\/index.php?rest_route=\/wp\/v2\/types\/page"}],"author":[{"embeddable":true,"href":"https:\/\/www.azv-heidelbach.de\/index.php?rest_route=\/wp\/v2\/users\/1"}],"replies":[{"embeddable":true,"href":"https:\/\/www.azv-heidelbach.de\/index.php?rest_route=%2Fwp%2Fv2%2Fcomments&post=35"}],"version-history":[{"count":27,"href":"https:\/\/www.azv-heidelbach.de\/index.php?rest_route=\/wp\/v2\/pages\/35\/revisions"}],"predecessor-version":[{"id":1250,"href":"https:\/\/www.azv-heidelbach.de\/index.php?rest_route=\/wp\/v2\/pages\/35\/revisions\/1250"}],"wp:attachment":[{"href":"https:\/\/www.azv-heidelbach.de\/index.php?rest_route=%2Fwp%2Fv2%2Fmedia&parent=35"}],"curies":[{"name":"wp","href":"https:\/\/api.w.org\/{rel}","templated":true}]}}