{"id":87,"date":"2021-12-06T08:55:51","date_gmt":"2021-12-06T08:55:51","guid":{"rendered":"https:\/\/azvheidelbach.de\/?page_id=87"},"modified":"2025-04-24T16:02:33","modified_gmt":"2025-04-24T14:02:33","slug":"ausbildung","status":"publish","type":"page","link":"https:\/\/www.azv-heidelbach.de\/?page_id=87","title":{"rendered":"Hinweise"},"content":{"rendered":"<p>[et_pb_section fb_built=&#8220;1&#8243; _builder_version=&#8220;4.16&#8243; _module_preset=&#8220;default&#8220; custom_padding=&#8220;12px|||||&#8220; global_colors_info=&#8220;{}&#8220;][et_pb_row _builder_version=&#8220;4.17.3&#8243; _module_preset=&#8220;default&#8220; custom_padding=&#8220;|10px|0px|10px|false|false&#8220; link_option_url_new_window=&#8220;on&#8220; global_colors_info=&#8220;{}&#8220;][et_pb_column type=&#8220;4_4&#8243; _builder_version=&#8220;4.16&#8243; _module_preset=&#8220;default&#8220; global_colors_info=&#8220;{}&#8220;][et_pb_text admin_label=&#8220;Text&#8220; _builder_version=&#8220;4.17.3&#8243; _module_preset=&#8220;default&#8220; custom_padding=&#8220;0px|||0px||&#8220; global_colors_info=&#8220;{}&#8220;]<\/p>\n<p><strong>Entsorgungsfirma<\/strong><br \/>Firma REMONDIS Eilenburg GmbH ab 01.01.2021 zust\u00e4ndig<\/p>\n<p>Ab 01.01.2021 ist die Firma REMONDIS Eilenburg GmbH f\u00fcr die Entsorgung des Inhalts aus abflusslosen Sammelgruben und Kleinkl\u00e4ranlagen im Verbandsgebiet des AZV Heidelbach zust\u00e4ndig.<\/p>\n<p>REMONDIS Eilenburg GmbH<br \/>Wurzener Landstra\u00dfe 9<br \/>04838 Eilenburg<\/p>\n<p>Telefon: 03423\/ 690 130<br \/>E-Mail: <a href=\"mailto:dispo.eilenburg@remondis.de\">dispo.eilenburg@remondis.de<\/a><\/p>\n<p>&nbsp;<\/p>\n<p>Sie haben ab sofort die M\u00f6glichkeit, rund um die Uhr Ihre F\u00e4kalienanmeldung bzw. Grubenentleerung anzumelden.<\/p>\n<p><a href=\"https:\/\/www.remondis-eilenburg.de\/faekalienanmeldung\" target=\"_blank\" rel=\"noopener\">https:\/\/www.remondis-eilenburg.de\/faekalienanmeldung<\/a><\/p>\n<p><strong><\/strong><\/p>\n<p><strong>Einbau von Zweitz\u00e4hlern zur Absetzung<\/strong><br \/>Hinweise f\u00fcr den Einbau von Zweitz\u00e4hlern zur Absetzung von nicht eingeleiteten Abwassermengen oder zur Entnahme aus nicht \u00f6ffentlicher Wasserversorgung (\u00a7\u00a7 42 und 43 der jeweils aktuellen Abwassersatzung des AZV Heidelbach).<\/p>\n<p>Es sind grunds\u00e4tzlich nur geeichte Z\u00e4hler (Kaltwasser) auf eigene Kosten einzubauen. Die Eichzeit betr\u00e4gt 6 Jahre. Somit k\u00f6nnen alle Absetzungs- bzw. Zusetzungsz\u00e4hler nach Ablauf der gesetzlichen Eichfrist vom AZV Heidelbach nicht mehr ber\u00fccksichtigt werden. F\u00fcr die Zusetzung w\u00fcrde dann eine pauschale Berechnung erfolgen.<br \/>Die beiden \u00dcberwurfmuttern\u00a0zum Einbau der Z\u00e4hler m\u00fcssen eine M\u00f6glichkeit (Bohrung) zum Einziehen eines Plombendrahtes aufweisen.<\/p>\n<p>Die Leitungsf\u00fchrung muss bei der Abnahme der Z\u00e4hler durch den AZV Heidelbach klar erkennbar sein (keine \u00dcberbauungen, Verkleidungen etc.).<\/p>\n<p><strong><span style=\"text-decoration: underline;\">ACHTUNG! Die erstmalige Abnahme und das Verplomben des neu installierten Z\u00e4hlers erfolgt durch den AZV Heidelbach!<\/span><\/strong><\/p>\n<p>Sollten Sie bei einem <strong>Z\u00e4hlerwechsel<\/strong> den neuen Wasserz\u00e4hler von einem zertifizierten Installateur wechseln lassen, welcher die Uhr auch neu verplombt, dann k\u00f6nnen Sie anhand von Fotos den Wechsel bei uns anzeigen. Somit entfallen zus\u00e4tzliche Kosten f\u00fcr eine Abnahme vor Ort durch einen Mitarbeiter des AZV Heidelbach.<\/p>\n<p>Zu \u00fcbermitteln sind dann:<\/p>\n<ul>\n<li>ein Foto des alten Wasserz\u00e4hlers mit dem Ausbaustand<\/li>\n<li>ein Foto des neuen Wasserz\u00e4hlers, wo die Z\u00e4hlernummer und das Eichdatum ersichtlich sind<\/li>\n<li>ein Foto der neuen Plombe<\/li>\n<li>ein Foto der Rechnung der entsprechenden Firma<\/li>\n<li>das Wechseldatum<\/li>\n<\/ul>\n<p>Wenn Sie den Wechsel nicht durch eine Firma vornehmen lassen, dann vereinbaren Sie bitte einen Termin mit uns zur erneuten Abnahme und verplomben. Bitte halten Sie den alten Z\u00e4hler bereit, damit wir den Endstand aufnehmen k\u00f6nnen.<\/p>\n<p><strong>Die Z\u00e4hlerst\u00e4nde der Zweitz\u00e4hler sind bis zum 15.01. das auf das Abrechnungsjahr folgende Kalenderjahr dem AZV Heidelbach zu melden.<\/strong><\/p>\n<p>Die Kosten f\u00fcr die Abnahme und Verplomben eines Unterz\u00e4hlers zur Absetzung von Wassermengen aus der \u00f6ffentlichen oder privaten Wasserversorgung richten sich nach der Kostensatzung des AZV Heidelbach in der jeweils g\u00fcltigen Fassung.<\/p>\n<div id=\"NewsPostDetailContent\">\n<p><em><strong>Bei unverh\u00e4ltnism\u00e4\u00dfig hohen Absetzungsmengen beh\u00e4lt sich der AZV Heidelbach eine Einzelfallpr\u00fcfung vor, sowie entsprechende Kontrollen vor Ort.<\/strong><\/em><\/p>\n<p><em><strong><\/strong><\/em><\/p>\n<\/div>\n<p><strong><u><\/u><\/strong><\/p>\n<p><strong><u>Grunds\u00e4tzliche \u00dcberlegungen<\/u><\/strong><br \/><strong>Ob sich der Einbau eines neuen Absetzungsz\u00e4hlers\u00a0wirklich lohnt, h\u00e4ngt von mehreren Faktoren ab:<br \/><\/strong>\u2022 den Montagekosten, die f\u00fcr einen Absetzungsz\u00e4hlers anfallen. Der Einbau eines Absetzungsz\u00e4hlers\u00a0wird <strong><u>nicht<\/u><\/strong> vom AZV Heidelbach vorgenommen<br \/>\u2022 der sechsj\u00e4hrigen Eichlaufzeit eines Z\u00e4hlers (danach fallen erneut Montagekosten f\u00fcr einen neuen Z\u00e4hler bzw. die Pr\u00fcfungskosten f\u00fcr die Verl\u00e4ngerung der Eichlaufzeit an)<br \/>\u2022 von der Menge Wasser, die Sie j\u00e4hrlich f\u00fcr Ihren Garten verbrauchen, und nat\u00fcrlich dem potentiell einzusparenden Abwasserentgelt<br \/>Ein Gartenz\u00e4hler ben\u00f6tigt Frostschutz. Er muss frostsicher eingebaut oder vor Frosteinwirkung gesch\u00fctzt werden.<\/p>\n<p><strong><u>Es gibt Alternativen<\/u><\/strong><br \/><strong>Das Gie\u00dfen mit Regenwasser aus Regentonnen oder Zister\u00adnen ist f\u00fcr viele Gartenbesitzer eine machbare Alternative\u00a0zum Bew\u00e4ssern mit Leitungswasser. <\/strong><\/p>\n<p>[\/et_pb_text][\/et_pb_column][\/et_pb_row][\/et_pb_section]<\/p>\n","protected":false},"excerpt":{"rendered":"<p>EntsorgungsfirmaFirma REMONDIS Eilenburg GmbH ab 01.01.2021 zust\u00e4ndig Ab 01.01.2021 ist die Firma REMONDIS Eilenburg GmbH f\u00fcr die Entsorgung des Inhalts aus abflusslosen Sammelgruben und Kleinkl\u00e4ranlagen im Verbandsgebiet des AZV Heidelbach zust\u00e4ndig. REMONDIS Eilenburg GmbHWurzener Landstra\u00dfe 904838 Eilenburg Telefon: 03423\/ 690 130E-Mail: dispo.eilenburg@remondis.de &nbsp; Sie haben ab sofort die M\u00f6glichkeit, rund um die Uhr Ihre F\u00e4kalienanmeldung [&hellip;]<\/p>\n","protected":false},"author":1,"featured_media":0,"parent":0,"menu_order":0,"comment_status":"closed","ping_status":"closed","template":"","meta":{"_et_pb_use_builder":"on","_et_pb_old_content":"","_et_gb_content_width":"","footnotes":""},"class_list":["post-87","page","type-page","status-publish","hentry"],"_links":{"self":[{"href":"https:\/\/www.azv-heidelbach.de\/index.php?rest_route=\/wp\/v2\/pages\/87","targetHints":{"allow":["GET"]}}],"collection":[{"href":"https:\/\/www.azv-heidelbach.de\/index.php?rest_route=\/wp\/v2\/pages"}],"about":[{"href":"https:\/\/www.azv-heidelbach.de\/index.php?rest_route=\/wp\/v2\/types\/page"}],"author":[{"embeddable":true,"href":"https:\/\/www.azv-heidelbach.de\/index.php?rest_route=\/wp\/v2\/users\/1"}],"replies":[{"embeddable":true,"href":"https:\/\/www.azv-heidelbach.de\/index.php?rest_route=%2Fwp%2Fv2%2Fcomments&post=87"}],"version-history":[{"count":27,"href":"https:\/\/www.azv-heidelbach.de\/index.php?rest_route=\/wp\/v2\/pages\/87\/revisions"}],"predecessor-version":[{"id":1173,"href":"https:\/\/www.azv-heidelbach.de\/index.php?rest_route=\/wp\/v2\/pages\/87\/revisions\/1173"}],"wp:attachment":[{"href":"https:\/\/www.azv-heidelbach.de\/index.php?rest_route=%2Fwp%2Fv2%2Fmedia&parent=87"}],"curies":[{"name":"wp","href":"https:\/\/api.w.org\/{rel}","templated":true}]}}